{"id":1000,"date":"2025-09-30T13:41:57","date_gmt":"2025-09-30T16:41:57","guid":{"rendered":"https:\/\/maldives.com.ar\/minorista\/?post_type=product&#038;p=1000"},"modified":"2025-09-30T13:43:26","modified_gmt":"2025-09-30T16:43:26","slug":"kit-cafe","status":"publish","type":"product","link":"https:\/\/maldives.com.ar\/minorista\/product\/kit-cafe\/","title":{"rendered":"Kit caf\u00e9"},"content":{"rendered":"<p>Kit cafe<br \/>\nMaterial: Acero Inoxidable Medidas del termo: 23,5 cm de alto x 6,5 cm de di\u00e1metro. El kit incluye 2 tazas adicionales<br \/>\nT\u00e9rmica mantiene Fr\u00edo\/Calor<br \/>\nEl precio incluye el estampado. El proceso por el cual se realiza es sublimaci\u00f3n, el estampado no se sale con el tiempo. Se entrega en caja bolsa individual.<\/p>\n","protected":false},"excerpt":{"rendered":"<p>Kit cafe Material: Acero Inoxidable Medidas del termo: 23,5 cm de alto x 6,5 cm de di\u00e1metro. El kit incluye 2 tazas adicionales T\u00e9rmica mantiene Fr\u00edo\/Calor El precio incluye el estampado. El proceso por el cual se realiza es sublimaci\u00f3n, el estampado no se sale con el tiempo. Se entrega en caja bolsa individual.<\/p>\n","protected":false},"featured_media":1001,"comment_status":"open","ping_status":"closed","template":"","meta":[],"product_brand":[],"product_cat":[27,35],"product_tag":[],"class_list":{"0":"post-1000","1":"product","2":"type-product","3":"status-publish","4":"has-post-thumbnail","6":"product_cat-drinkware","7":"product_cat-termos-y-mates","9":"first","10":"instock","11":"shipping-taxable","12":"purchasable","13":"product-type-simple"},"_links":{"self":[{"href":"https:\/\/maldives.com.ar\/minorista\/wp-json\/wp\/v2\/product\/1000","targetHints":{"allow":["GET"]}}],"collection":[{"href":"https:\/\/maldives.com.ar\/minorista\/wp-json\/wp\/v2\/product"}],"about":[{"href":"https:\/\/maldives.com.ar\/minorista\/wp-json\/wp\/v2\/types\/product"}],"replies":[{"embeddable":true,"href":"https:\/\/maldives.com.ar\/minorista\/wp-json\/wp\/v2\/comments?post=1000"}],"wp:featuredmedia":[{"embeddable":true,"href":"https:\/\/maldives.com.ar\/minorista\/wp-json\/wp\/v2\/media\/1001"}],"wp:attachment":[{"href":"https:\/\/maldives.com.ar\/minorista\/wp-json\/wp\/v2\/media?parent=1000"}],"wp:term":[{"taxonomy":"product_brand","embeddable":true,"href":"https:\/\/maldives.com.ar\/minorista\/wp-json\/wp\/v2\/product_brand?post=1000"},{"taxonomy":"product_cat","embeddable":true,"href":"https:\/\/maldives.com.ar\/minorista\/wp-json\/wp\/v2\/product_cat?post=1000"},{"taxonomy":"product_tag","embeddable":true,"href":"https:\/\/maldives.com.ar\/minorista\/wp-json\/wp\/v2\/product_tag?post=1000"}],"curies":[{"name":"wp","href":"https:\/\/api.w.org\/{rel}","templated":true}]}}