{"id":148,"date":"2025-03-01T21:37:05","date_gmt":"2025-03-02T00:37:05","guid":{"rendered":"https:\/\/maldives.com.ar\/minorista\/?post_type=product&#038;p=148"},"modified":"2025-11-12T12:32:29","modified_gmt":"2025-11-12T15:32:29","slug":"vaso-termico-patagonico","status":"publish","type":"product","link":"https:\/\/maldives.com.ar\/minorista\/product\/vaso-termico-patagonico\/","title":{"rendered":"Vaso t\u00e9rmico Patag\u00f3nico"},"content":{"rendered":"<p>Material: Acero inoxidable. Medidas: 15 cm de alto x 8,5 cm de di\u00e1metro.<\/p>\n<p>T\u00e9rmico f\u00edo\/calor<\/p>\n<p>El precio incluye el estampado.<\/p>\n<p>El proceso por el cual se realiza es sublimaci\u00f3n, el estampado no se sale con el tiempo.<\/p>\n<p>Se entrega en caja blanca lisa individual.<\/p>\n","protected":false},"excerpt":{"rendered":"<p>Material: Acero inoxidable. Medidas: 15 cm de alto x 8,5 cm de di\u00e1metro. T\u00e9rmico f\u00edo\/calor El precio incluye el estampado. El proceso por el cual se realiza es sublimaci\u00f3n, el estampado no se sale con el tiempo. Se entrega en caja blanca lisa individual.<\/p>\n","protected":false},"featured_media":165,"comment_status":"open","ping_status":"closed","template":"","meta":[],"product_brand":[],"product_cat":[27],"product_tag":[],"class_list":{"0":"post-148","1":"product","2":"type-product","3":"status-publish","4":"has-post-thumbnail","6":"product_cat-drinkware","8":"first","9":"instock","10":"shipping-taxable","11":"purchasable","12":"product-type-simple"},"_links":{"self":[{"href":"https:\/\/maldives.com.ar\/minorista\/wp-json\/wp\/v2\/product\/148","targetHints":{"allow":["GET"]}}],"collection":[{"href":"https:\/\/maldives.com.ar\/minorista\/wp-json\/wp\/v2\/product"}],"about":[{"href":"https:\/\/maldives.com.ar\/minorista\/wp-json\/wp\/v2\/types\/product"}],"replies":[{"embeddable":true,"href":"https:\/\/maldives.com.ar\/minorista\/wp-json\/wp\/v2\/comments?post=148"}],"wp:featuredmedia":[{"embeddable":true,"href":"https:\/\/maldives.com.ar\/minorista\/wp-json\/wp\/v2\/media\/165"}],"wp:attachment":[{"href":"https:\/\/maldives.com.ar\/minorista\/wp-json\/wp\/v2\/media?parent=148"}],"wp:term":[{"taxonomy":"product_brand","embeddable":true,"href":"https:\/\/maldives.com.ar\/minorista\/wp-json\/wp\/v2\/product_brand?post=148"},{"taxonomy":"product_cat","embeddable":true,"href":"https:\/\/maldives.com.ar\/minorista\/wp-json\/wp\/v2\/product_cat?post=148"},{"taxonomy":"product_tag","embeddable":true,"href":"https:\/\/maldives.com.ar\/minorista\/wp-json\/wp\/v2\/product_tag?post=148"}],"curies":[{"name":"wp","href":"https:\/\/api.w.org\/{rel}","templated":true}]}}