{"id":153,"date":"2025-03-01T21:37:07","date_gmt":"2025-03-02T00:37:07","guid":{"rendered":"https:\/\/maldives.com.ar\/minorista\/?post_type=product&#038;p=153"},"modified":"2026-03-31T14:46:30","modified_gmt":"2026-03-31T17:46:30","slug":"termo-con-taza-500ml","status":"publish","type":"product","link":"https:\/\/maldives.com.ar\/minorista\/product\/termo-con-taza-500ml\/","title":{"rendered":"Termo con taza 500ml"},"content":{"rendered":"<p>Material: Acero Inoxidable Medidas: 25 cm de alto x 7 cm de di\u00e1metro.<\/p>\n<p>T\u00e9rmico mantiene Fr\u00edo\/Calor<\/p>\n<p>El precio incluye el estampado.<\/p>\n<p>El proceso por el cual se realiza es sublimaci\u00f3n, el estampado no se sale con el tiempo.<\/p>\n<p>Se entrega en caja blanca lisa individual.<\/p>\n","protected":false},"excerpt":{"rendered":"<p>Material: Acero Inoxidable Medidas: 25 cm de alto x 7 cm de di\u00e1metro. T\u00e9rmico mantiene Fr\u00edo\/Calor El precio incluye el estampado. El proceso por el cual se realiza es sublimaci\u00f3n, el estampado no se sale con el tiempo. Se entrega en caja blanca lisa individual.<\/p>\n","protected":false},"featured_media":177,"comment_status":"open","ping_status":"closed","template":"","meta":[],"product_brand":[],"product_cat":[35],"product_tag":[],"class_list":{"0":"post-153","1":"product","2":"type-product","3":"status-publish","4":"has-post-thumbnail","6":"product_cat-termos-y-mates","8":"first","9":"instock","10":"shipping-taxable","11":"purchasable","12":"product-type-simple"},"_links":{"self":[{"href":"https:\/\/maldives.com.ar\/minorista\/wp-json\/wp\/v2\/product\/153","targetHints":{"allow":["GET"]}}],"collection":[{"href":"https:\/\/maldives.com.ar\/minorista\/wp-json\/wp\/v2\/product"}],"about":[{"href":"https:\/\/maldives.com.ar\/minorista\/wp-json\/wp\/v2\/types\/product"}],"replies":[{"embeddable":true,"href":"https:\/\/maldives.com.ar\/minorista\/wp-json\/wp\/v2\/comments?post=153"}],"wp:featuredmedia":[{"embeddable":true,"href":"https:\/\/maldives.com.ar\/minorista\/wp-json\/wp\/v2\/media\/177"}],"wp:attachment":[{"href":"https:\/\/maldives.com.ar\/minorista\/wp-json\/wp\/v2\/media?parent=153"}],"wp:term":[{"taxonomy":"product_brand","embeddable":true,"href":"https:\/\/maldives.com.ar\/minorista\/wp-json\/wp\/v2\/product_brand?post=153"},{"taxonomy":"product_cat","embeddable":true,"href":"https:\/\/maldives.com.ar\/minorista\/wp-json\/wp\/v2\/product_cat?post=153"},{"taxonomy":"product_tag","embeddable":true,"href":"https:\/\/maldives.com.ar\/minorista\/wp-json\/wp\/v2\/product_tag?post=153"}],"curies":[{"name":"wp","href":"https:\/\/api.w.org\/{rel}","templated":true}]}}