{"id":156,"date":"2025-03-01T21:37:07","date_gmt":"2025-03-02T00:37:07","guid":{"rendered":"https:\/\/maldives.com.ar\/minorista\/?post_type=product&#038;p=156"},"modified":"2025-11-10T15:49:42","modified_gmt":"2025-11-10T18:49:42","slug":"botella-sport-550ml","status":"publish","type":"product","link":"https:\/\/maldives.com.ar\/minorista\/product\/botella-sport-550ml\/","title":{"rendered":"Botella Sport 550ml"},"content":{"rendered":"<p>Doble pared, material pol\u00edmero de alta resistencia a los golpes y el maltrato.<\/p>\n<p>Medidas: 23 cm de alto x 7,5 cm de di\u00e1metro.<\/p>\n<p>T\u00e9rmica mantiene Fr\u00edo\/Calor El precio incluye el estampado.<\/p>\n<p>El proceso por el cual se realiza es sublimaci\u00f3n, el estampado no se sale con el tiempo.<\/p>\n","protected":false},"excerpt":{"rendered":"<p>Doble pared, material pol\u00edmero de alta resistencia a los golpes y el maltrato. Medidas: 23 cm de alto x 7,5 cm de di\u00e1metro. T\u00e9rmica mantiene Fr\u00edo\/Calor El precio incluye el estampado. El proceso por el cual se realiza es sublimaci\u00f3n, el estampado no se sale con el tiempo.<\/p>\n","protected":false},"featured_media":186,"comment_status":"open","ping_status":"closed","template":"","meta":[],"product_brand":[],"product_cat":[27],"product_tag":[],"class_list":{"0":"post-156","1":"product","2":"type-product","3":"status-publish","4":"has-post-thumbnail","6":"product_cat-drinkware","8":"first","9":"instock","10":"shipping-taxable","11":"purchasable","12":"product-type-simple"},"_links":{"self":[{"href":"https:\/\/maldives.com.ar\/minorista\/wp-json\/wp\/v2\/product\/156","targetHints":{"allow":["GET"]}}],"collection":[{"href":"https:\/\/maldives.com.ar\/minorista\/wp-json\/wp\/v2\/product"}],"about":[{"href":"https:\/\/maldives.com.ar\/minorista\/wp-json\/wp\/v2\/types\/product"}],"replies":[{"embeddable":true,"href":"https:\/\/maldives.com.ar\/minorista\/wp-json\/wp\/v2\/comments?post=156"}],"wp:featuredmedia":[{"embeddable":true,"href":"https:\/\/maldives.com.ar\/minorista\/wp-json\/wp\/v2\/media\/186"}],"wp:attachment":[{"href":"https:\/\/maldives.com.ar\/minorista\/wp-json\/wp\/v2\/media?parent=156"}],"wp:term":[{"taxonomy":"product_brand","embeddable":true,"href":"https:\/\/maldives.com.ar\/minorista\/wp-json\/wp\/v2\/product_brand?post=156"},{"taxonomy":"product_cat","embeddable":true,"href":"https:\/\/maldives.com.ar\/minorista\/wp-json\/wp\/v2\/product_cat?post=156"},{"taxonomy":"product_tag","embeddable":true,"href":"https:\/\/maldives.com.ar\/minorista\/wp-json\/wp\/v2\/product_tag?post=156"}],"curies":[{"name":"wp","href":"https:\/\/api.w.org\/{rel}","templated":true}]}}