{"id":158,"date":"2025-03-01T21:37:08","date_gmt":"2025-03-02T00:37:08","guid":{"rendered":"https:\/\/maldives.com.ar\/minorista\/?post_type=product&#038;p=158"},"modified":"2025-04-06T13:16:42","modified_gmt":"2025-04-06T16:16:42","slug":"botella-hoppy-725ml","status":"publish","type":"product","link":"https:\/\/maldives.com.ar\/minorista\/product\/botella-hoppy-725ml\/","title":{"rendered":"Botella Hoppy 725ml"},"content":{"rendered":"<p>Material: Aluminio (no es t\u00e9rmica)<\/p>\n<p>Medidas: 20,5 cm de alto x 7 cm de di\u00e1metro.<\/p>\n<p>Incluye 2 tapas, una pico sport y otra tap\u00f3n simple a rosca.<\/p>\n<p>El precio incluye el estampado.<\/p>\n<p>El proceso por el cual se realiza es sublimaci\u00f3n, el estampado no se sale con el tiempo.<\/p>\n<p>Se entrega en caja blanca lisa individual.<\/p>\n","protected":false},"excerpt":{"rendered":"<p>Material: Aluminio (no es t\u00e9rmica) Medidas: 20,5 cm de alto x 7 cm de di\u00e1metro. Incluye 2 tapas, una pico sport y otra tap\u00f3n simple a rosca. El precio incluye el estampado. El proceso por el cual se realiza es sublimaci\u00f3n, el estampado no se sale con el tiempo. Se entrega en caja blanca lisa [&hellip;]<\/p>\n","protected":false},"featured_media":191,"comment_status":"open","ping_status":"closed","template":"","meta":[],"product_brand":[],"product_cat":[27],"product_tag":[],"class_list":{"0":"post-158","1":"product","2":"type-product","3":"status-publish","4":"has-post-thumbnail","6":"product_cat-drinkware","8":"first","9":"instock","10":"shipping-taxable","11":"purchasable","12":"product-type-simple"},"_links":{"self":[{"href":"https:\/\/maldives.com.ar\/minorista\/wp-json\/wp\/v2\/product\/158","targetHints":{"allow":["GET"]}}],"collection":[{"href":"https:\/\/maldives.com.ar\/minorista\/wp-json\/wp\/v2\/product"}],"about":[{"href":"https:\/\/maldives.com.ar\/minorista\/wp-json\/wp\/v2\/types\/product"}],"replies":[{"embeddable":true,"href":"https:\/\/maldives.com.ar\/minorista\/wp-json\/wp\/v2\/comments?post=158"}],"wp:featuredmedia":[{"embeddable":true,"href":"https:\/\/maldives.com.ar\/minorista\/wp-json\/wp\/v2\/media\/191"}],"wp:attachment":[{"href":"https:\/\/maldives.com.ar\/minorista\/wp-json\/wp\/v2\/media?parent=158"}],"wp:term":[{"taxonomy":"product_brand","embeddable":true,"href":"https:\/\/maldives.com.ar\/minorista\/wp-json\/wp\/v2\/product_brand?post=158"},{"taxonomy":"product_cat","embeddable":true,"href":"https:\/\/maldives.com.ar\/minorista\/wp-json\/wp\/v2\/product_cat?post=158"},{"taxonomy":"product_tag","embeddable":true,"href":"https:\/\/maldives.com.ar\/minorista\/wp-json\/wp\/v2\/product_tag?post=158"}],"curies":[{"name":"wp","href":"https:\/\/api.w.org\/{rel}","templated":true}]}}