{"id":509,"date":"2025-03-07T19:37:06","date_gmt":"2025-03-07T22:37:06","guid":{"rendered":"https:\/\/maldives.com.ar\/minorista\/?post_type=product&#038;p=509"},"modified":"2025-11-12T12:20:39","modified_gmt":"2025-11-12T15:20:39","slug":"mate-listo","status":"publish","type":"product","link":"https:\/\/maldives.com.ar\/minorista\/product\/mate-listo\/","title":{"rendered":"Mate Listo"},"content":{"rendered":"<p>Material: Pol\u00edmero plastico Medida: 17,5cm de alto x 8,5cm de di\u00e1metro.<br \/>\nMaterial de alta resistencia a los golpes y el maltrato. El precio incluye el estampado. El proceso por el cual se realiza es sublimaci\u00f3n, el estampado no se sale con el tiempo.Las im\u00e1genes resisten las rayaduras y el lavaplatos ya que el pigmento de sublimaci\u00f3n se fija qu\u00edmicamente.<\/p>\n","protected":false},"excerpt":{"rendered":"<p>Material: Pol\u00edmero plastico Medida: 17,5cm de alto x 8,5cm de di\u00e1metro. Material de alta resistencia a los golpes y el maltrato. El precio incluye el estampado. El proceso por el cual se realiza es sublimaci\u00f3n, el estampado no se sale con el tiempo.Las im\u00e1genes resisten las rayaduras y el lavaplatos ya que el pigmento de [&hellip;]<\/p>\n","protected":false},"featured_media":510,"comment_status":"open","ping_status":"closed","template":"","meta":[],"product_brand":[],"product_cat":[35],"product_tag":[],"class_list":{"0":"post-509","1":"product","2":"type-product","3":"status-publish","4":"has-post-thumbnail","6":"product_cat-termos-y-mates","8":"first","9":"instock","10":"shipping-taxable","11":"purchasable","12":"product-type-simple"},"_links":{"self":[{"href":"https:\/\/maldives.com.ar\/minorista\/wp-json\/wp\/v2\/product\/509","targetHints":{"allow":["GET"]}}],"collection":[{"href":"https:\/\/maldives.com.ar\/minorista\/wp-json\/wp\/v2\/product"}],"about":[{"href":"https:\/\/maldives.com.ar\/minorista\/wp-json\/wp\/v2\/types\/product"}],"replies":[{"embeddable":true,"href":"https:\/\/maldives.com.ar\/minorista\/wp-json\/wp\/v2\/comments?post=509"}],"wp:featuredmedia":[{"embeddable":true,"href":"https:\/\/maldives.com.ar\/minorista\/wp-json\/wp\/v2\/media\/510"}],"wp:attachment":[{"href":"https:\/\/maldives.com.ar\/minorista\/wp-json\/wp\/v2\/media?parent=509"}],"wp:term":[{"taxonomy":"product_brand","embeddable":true,"href":"https:\/\/maldives.com.ar\/minorista\/wp-json\/wp\/v2\/product_brand?post=509"},{"taxonomy":"product_cat","embeddable":true,"href":"https:\/\/maldives.com.ar\/minorista\/wp-json\/wp\/v2\/product_cat?post=509"},{"taxonomy":"product_tag","embeddable":true,"href":"https:\/\/maldives.com.ar\/minorista\/wp-json\/wp\/v2\/product_tag?post=509"}],"curies":[{"name":"wp","href":"https:\/\/api.w.org\/{rel}","templated":true}]}}