{"id":512,"date":"2025-03-07T19:37:58","date_gmt":"2025-03-07T22:37:58","guid":{"rendered":"https:\/\/maldives.com.ar\/minorista\/?post_type=product&#038;p=512"},"modified":"2026-02-20T12:27:38","modified_gmt":"2026-02-20T15:27:38","slug":"mate-de-plastico","status":"publish","type":"product","link":"https:\/\/maldives.com.ar\/minorista\/product\/mate-de-plastico\/","title":{"rendered":"Mate de pl\u00e1stico"},"content":{"rendered":"<p>Material: Polimero Medida: 8,5cm de alto x 8,5cm de di\u00e1metro.<br \/>\nDoble pared t\u00e9rmico. El precio incluye el estampado. El proceso por el cual se realiza es sublimaci\u00f3n, el estampado no se sale con el tiempo.<\/p>\n","protected":false},"excerpt":{"rendered":"<p>Material: Polimero Medida: 8,5cm de alto x 8,5cm de di\u00e1metro. Doble pared t\u00e9rmico. El precio incluye el estampado. El proceso por el cual se realiza es sublimaci\u00f3n, el estampado no se sale con el tiempo.<\/p>\n","protected":false},"featured_media":513,"comment_status":"open","ping_status":"closed","template":"","meta":[],"product_brand":[],"product_cat":[35],"product_tag":[],"class_list":{"0":"post-512","1":"product","2":"type-product","3":"status-publish","4":"has-post-thumbnail","6":"product_cat-termos-y-mates","8":"first","9":"instock","10":"shipping-taxable","11":"purchasable","12":"product-type-simple"},"_links":{"self":[{"href":"https:\/\/maldives.com.ar\/minorista\/wp-json\/wp\/v2\/product\/512","targetHints":{"allow":["GET"]}}],"collection":[{"href":"https:\/\/maldives.com.ar\/minorista\/wp-json\/wp\/v2\/product"}],"about":[{"href":"https:\/\/maldives.com.ar\/minorista\/wp-json\/wp\/v2\/types\/product"}],"replies":[{"embeddable":true,"href":"https:\/\/maldives.com.ar\/minorista\/wp-json\/wp\/v2\/comments?post=512"}],"wp:featuredmedia":[{"embeddable":true,"href":"https:\/\/maldives.com.ar\/minorista\/wp-json\/wp\/v2\/media\/513"}],"wp:attachment":[{"href":"https:\/\/maldives.com.ar\/minorista\/wp-json\/wp\/v2\/media?parent=512"}],"wp:term":[{"taxonomy":"product_brand","embeddable":true,"href":"https:\/\/maldives.com.ar\/minorista\/wp-json\/wp\/v2\/product_brand?post=512"},{"taxonomy":"product_cat","embeddable":true,"href":"https:\/\/maldives.com.ar\/minorista\/wp-json\/wp\/v2\/product_cat?post=512"},{"taxonomy":"product_tag","embeddable":true,"href":"https:\/\/maldives.com.ar\/minorista\/wp-json\/wp\/v2\/product_tag?post=512"}],"curies":[{"name":"wp","href":"https:\/\/api.w.org\/{rel}","templated":true}]}}