{"id":574,"date":"2025-03-07T23:42:50","date_gmt":"2025-03-08T02:42:50","guid":{"rendered":"https:\/\/maldives.com.ar\/minorista\/?post_type=product&#038;p=574"},"modified":"2026-01-05T14:08:31","modified_gmt":"2026-01-05T17:08:31","slug":"rompecabezas-carton-8-piezas","status":"publish","type":"product","link":"https:\/\/maldives.com.ar\/minorista\/product\/rompecabezas-carton-8-piezas\/","title":{"rendered":"Rompecabezas cart\u00f3n 8 piezas"},"content":{"rendered":"<p>Area de impresi\u00f3n: 17,7&#215;12 cm (armar archivo con margen de 5mm por lado).<br \/>\nMaterial: Cart\u00f3n brillante<br \/>\nPackaging: Caja blanca con tapa impresa con mismo dise\u00f1o o logo a elecci\u00f3n. El precio incluye el estampado. El proceso por el cual se realiza es sublimaci\u00f3n<\/p>\n","protected":false},"excerpt":{"rendered":"<p>Area de impresi\u00f3n: 17,7&#215;12 cm (armar archivo con margen de 5mm por lado). Material: Cart\u00f3n brillante Packaging: Caja blanca con tapa impresa con mismo dise\u00f1o o logo a elecci\u00f3n. El precio incluye el estampado. El proceso por el cual se realiza es sublimaci\u00f3n<\/p>\n","protected":false},"featured_media":575,"comment_status":"open","ping_status":"closed","template":"","meta":[],"product_brand":[],"product_cat":[34],"product_tag":[],"class_list":{"0":"post-574","1":"product","2":"type-product","3":"status-publish","4":"has-post-thumbnail","6":"product_cat-rompecabezas","8":"first","9":"instock","10":"shipping-taxable","11":"purchasable","12":"product-type-simple"},"_links":{"self":[{"href":"https:\/\/maldives.com.ar\/minorista\/wp-json\/wp\/v2\/product\/574","targetHints":{"allow":["GET"]}}],"collection":[{"href":"https:\/\/maldives.com.ar\/minorista\/wp-json\/wp\/v2\/product"}],"about":[{"href":"https:\/\/maldives.com.ar\/minorista\/wp-json\/wp\/v2\/types\/product"}],"replies":[{"embeddable":true,"href":"https:\/\/maldives.com.ar\/minorista\/wp-json\/wp\/v2\/comments?post=574"}],"wp:featuredmedia":[{"embeddable":true,"href":"https:\/\/maldives.com.ar\/minorista\/wp-json\/wp\/v2\/media\/575"}],"wp:attachment":[{"href":"https:\/\/maldives.com.ar\/minorista\/wp-json\/wp\/v2\/media?parent=574"}],"wp:term":[{"taxonomy":"product_brand","embeddable":true,"href":"https:\/\/maldives.com.ar\/minorista\/wp-json\/wp\/v2\/product_brand?post=574"},{"taxonomy":"product_cat","embeddable":true,"href":"https:\/\/maldives.com.ar\/minorista\/wp-json\/wp\/v2\/product_cat?post=574"},{"taxonomy":"product_tag","embeddable":true,"href":"https:\/\/maldives.com.ar\/minorista\/wp-json\/wp\/v2\/product_tag?post=574"}],"curies":[{"name":"wp","href":"https:\/\/api.w.org\/{rel}","templated":true}]}}