{"id":585,"date":"2025-03-07T23:46:32","date_gmt":"2025-03-08T02:46:32","guid":{"rendered":"https:\/\/maldives.com.ar\/minorista\/?post_type=product&#038;p=585"},"modified":"2026-02-09T14:24:47","modified_gmt":"2026-02-09T17:24:47","slug":"rompecabezas-madera-30-piezas","status":"publish","type":"product","link":"https:\/\/maldives.com.ar\/minorista\/product\/rompecabezas-madera-30-piezas\/","title":{"rendered":"Rompecabezas madera 30 piezas"},"content":{"rendered":"<p>Area de impresi\u00f3n: 29&#215;20 cm (armar archivo con margen de 5mm por lado)<br \/>\nMaterial: Madera brillante<br \/>\nEspesor: 3mm<br \/>\nPackaging: Caja blanca con tapa impresa con mismo dise\u00f1o o logo a elecci\u00f3n. El precio incluye el estampado. El proceso por el cual se realiza es sublimaci\u00f3n<\/p>\n","protected":false},"excerpt":{"rendered":"<p>Area de impresi\u00f3n: 29&#215;20 cm (armar archivo con margen de 5mm por lado) Material: Madera brillante Espesor: 3mm Packaging: Caja blanca con tapa impresa con mismo dise\u00f1o o logo a elecci\u00f3n. El precio incluye el estampado. El proceso por el cual se realiza es sublimaci\u00f3n<\/p>\n","protected":false},"featured_media":586,"comment_status":"open","ping_status":"closed","template":"","meta":[],"product_brand":[],"product_cat":[34],"product_tag":[],"class_list":{"0":"post-585","1":"product","2":"type-product","3":"status-publish","4":"has-post-thumbnail","6":"product_cat-rompecabezas","8":"first","9":"instock","10":"shipping-taxable","11":"purchasable","12":"product-type-simple"},"_links":{"self":[{"href":"https:\/\/maldives.com.ar\/minorista\/wp-json\/wp\/v2\/product\/585","targetHints":{"allow":["GET"]}}],"collection":[{"href":"https:\/\/maldives.com.ar\/minorista\/wp-json\/wp\/v2\/product"}],"about":[{"href":"https:\/\/maldives.com.ar\/minorista\/wp-json\/wp\/v2\/types\/product"}],"replies":[{"embeddable":true,"href":"https:\/\/maldives.com.ar\/minorista\/wp-json\/wp\/v2\/comments?post=585"}],"wp:featuredmedia":[{"embeddable":true,"href":"https:\/\/maldives.com.ar\/minorista\/wp-json\/wp\/v2\/media\/586"}],"wp:attachment":[{"href":"https:\/\/maldives.com.ar\/minorista\/wp-json\/wp\/v2\/media?parent=585"}],"wp:term":[{"taxonomy":"product_brand","embeddable":true,"href":"https:\/\/maldives.com.ar\/minorista\/wp-json\/wp\/v2\/product_brand?post=585"},{"taxonomy":"product_cat","embeddable":true,"href":"https:\/\/maldives.com.ar\/minorista\/wp-json\/wp\/v2\/product_cat?post=585"},{"taxonomy":"product_tag","embeddable":true,"href":"https:\/\/maldives.com.ar\/minorista\/wp-json\/wp\/v2\/product_tag?post=585"}],"curies":[{"name":"wp","href":"https:\/\/api.w.org\/{rel}","templated":true}]}}