{"id":596,"date":"2025-03-09T20:05:44","date_gmt":"2025-03-09T23:05:44","guid":{"rendered":"https:\/\/maldives.com.ar\/minorista\/?post_type=product&#038;p=596"},"modified":"2025-12-22T11:03:18","modified_gmt":"2025-12-22T14:03:18","slug":"termo-bala-500ml","status":"publish","type":"product","link":"https:\/\/maldives.com.ar\/minorista\/product\/termo-bala-500ml\/","title":{"rendered":"Termo BALA 500ml"},"content":{"rendered":"<p>Material: Acero Inoxidable Medidas: 24 cm de alto x 7 cm de di\u00e1metro.<br \/>\nT\u00e9rmica mantiene Fr\u00edo\/Calor<br \/>\nEl precio incluye el estampado. El proceso por el cual se realiza es sublimaci\u00f3n, el estampado no se sale con el tiempo. Se entrega en caja individual.<\/p>\n","protected":false},"excerpt":{"rendered":"<p>Material: Acero Inoxidable Medidas: 24 cm de alto x 7 cm de di\u00e1metro. T\u00e9rmica mantiene Fr\u00edo\/Calor El precio incluye el estampado. El proceso por el cual se realiza es sublimaci\u00f3n, el estampado no se sale con el tiempo. Se entrega en caja individual.<\/p>\n","protected":false},"featured_media":933,"comment_status":"open","ping_status":"closed","template":"","meta":[],"product_brand":[],"product_cat":[35],"product_tag":[],"class_list":{"0":"post-596","1":"product","2":"type-product","3":"status-publish","4":"has-post-thumbnail","6":"product_cat-termos-y-mates","8":"first","9":"instock","10":"shipping-taxable","11":"purchasable","12":"product-type-simple"},"_links":{"self":[{"href":"https:\/\/maldives.com.ar\/minorista\/wp-json\/wp\/v2\/product\/596","targetHints":{"allow":["GET"]}}],"collection":[{"href":"https:\/\/maldives.com.ar\/minorista\/wp-json\/wp\/v2\/product"}],"about":[{"href":"https:\/\/maldives.com.ar\/minorista\/wp-json\/wp\/v2\/types\/product"}],"replies":[{"embeddable":true,"href":"https:\/\/maldives.com.ar\/minorista\/wp-json\/wp\/v2\/comments?post=596"}],"wp:featuredmedia":[{"embeddable":true,"href":"https:\/\/maldives.com.ar\/minorista\/wp-json\/wp\/v2\/media\/933"}],"wp:attachment":[{"href":"https:\/\/maldives.com.ar\/minorista\/wp-json\/wp\/v2\/media?parent=596"}],"wp:term":[{"taxonomy":"product_brand","embeddable":true,"href":"https:\/\/maldives.com.ar\/minorista\/wp-json\/wp\/v2\/product_brand?post=596"},{"taxonomy":"product_cat","embeddable":true,"href":"https:\/\/maldives.com.ar\/minorista\/wp-json\/wp\/v2\/product_cat?post=596"},{"taxonomy":"product_tag","embeddable":true,"href":"https:\/\/maldives.com.ar\/minorista\/wp-json\/wp\/v2\/product_tag?post=596"}],"curies":[{"name":"wp","href":"https:\/\/api.w.org\/{rel}","templated":true}]}}