{"id":877,"date":"2025-03-24T23:16:17","date_gmt":"2025-03-25T02:16:17","guid":{"rendered":"https:\/\/maldives.com.ar\/minorista\/?post_type=product&#038;p=877"},"modified":"2026-03-31T14:37:33","modified_gmt":"2026-03-31T17:37:33","slug":"botella-deportiva-hiit","status":"publish","type":"product","link":"https:\/\/maldives.com.ar\/minorista\/product\/botella-deportiva-hiit\/","title":{"rendered":"Botella deportiva HIIT"},"content":{"rendered":"<p>Material: Acero inoxidable Medidas: 24 cm de alto x 9 cm de di\u00e1metro. T\u00e9rmica mantiene fr\u00edo \/ calor.<br \/>\nEl precio incluye el estampado. El proceso por el cual se realiza es sublimaci\u00f3n, el estampado no se sale con el tiempo. Se entrega en caja lisa individual.<\/p>\n","protected":false},"excerpt":{"rendered":"<p>Material: Acero inoxidable Medidas: 24 cm de alto x 9 cm de di\u00e1metro. T\u00e9rmica mantiene fr\u00edo \/ calor. El precio incluye el estampado. El proceso por el cual se realiza es sublimaci\u00f3n, el estampado no se sale con el tiempo. Se entrega en caja lisa individual.<\/p>\n","protected":false},"featured_media":844,"comment_status":"open","ping_status":"closed","template":"","meta":[],"product_brand":[],"product_cat":[27],"product_tag":[],"class_list":{"0":"post-877","1":"product","2":"type-product","3":"status-publish","4":"has-post-thumbnail","6":"product_cat-drinkware","8":"first","9":"instock","10":"shipping-taxable","11":"purchasable","12":"product-type-simple"},"_links":{"self":[{"href":"https:\/\/maldives.com.ar\/minorista\/wp-json\/wp\/v2\/product\/877","targetHints":{"allow":["GET"]}}],"collection":[{"href":"https:\/\/maldives.com.ar\/minorista\/wp-json\/wp\/v2\/product"}],"about":[{"href":"https:\/\/maldives.com.ar\/minorista\/wp-json\/wp\/v2\/types\/product"}],"replies":[{"embeddable":true,"href":"https:\/\/maldives.com.ar\/minorista\/wp-json\/wp\/v2\/comments?post=877"}],"wp:featuredmedia":[{"embeddable":true,"href":"https:\/\/maldives.com.ar\/minorista\/wp-json\/wp\/v2\/media\/844"}],"wp:attachment":[{"href":"https:\/\/maldives.com.ar\/minorista\/wp-json\/wp\/v2\/media?parent=877"}],"wp:term":[{"taxonomy":"product_brand","embeddable":true,"href":"https:\/\/maldives.com.ar\/minorista\/wp-json\/wp\/v2\/product_brand?post=877"},{"taxonomy":"product_cat","embeddable":true,"href":"https:\/\/maldives.com.ar\/minorista\/wp-json\/wp\/v2\/product_cat?post=877"},{"taxonomy":"product_tag","embeddable":true,"href":"https:\/\/maldives.com.ar\/minorista\/wp-json\/wp\/v2\/product_tag?post=877"}],"curies":[{"name":"wp","href":"https:\/\/api.w.org\/{rel}","templated":true}]}}