{"id":937,"date":"2025-05-21T15:20:20","date_gmt":"2025-05-21T18:20:20","guid":{"rendered":"https:\/\/maldives.com.ar\/minorista\/?post_type=product&#038;p=937"},"modified":"2025-11-12T12:33:34","modified_gmt":"2025-11-12T15:33:34","slug":"vaso-corcho","status":"publish","type":"product","link":"https:\/\/maldives.com.ar\/minorista\/product\/vaso-corcho\/","title":{"rendered":"Vaso corcho"},"content":{"rendered":"<p>Material: Acero Inoxidable Medidas: 18 cm de alto x 8 cm de di\u00e1metro.<br \/>\nT\u00e9rmica mantiene Fr\u00edo\/Calor<br \/>\nEl precio incluye el estampado. El proceso por el cual se realiza es sublimaci\u00f3n, el estampado no se sale con el tiempo. Se entrega en caja individual.<\/p>\n","protected":false},"excerpt":{"rendered":"<p>Material: Acero Inoxidable Medidas: 18 cm de alto x 8 cm de di\u00e1metro. T\u00e9rmica mantiene Fr\u00edo\/Calor El precio incluye el estampado. El proceso por el cual se realiza es sublimaci\u00f3n, el estampado no se sale con el tiempo. Se entrega en caja individual.<\/p>\n","protected":false},"featured_media":938,"comment_status":"open","ping_status":"closed","template":"","meta":[],"product_brand":[],"product_cat":[27],"product_tag":[],"class_list":{"0":"post-937","1":"product","2":"type-product","3":"status-publish","4":"has-post-thumbnail","6":"product_cat-drinkware","8":"first","9":"instock","10":"shipping-taxable","11":"purchasable","12":"product-type-simple"},"_links":{"self":[{"href":"https:\/\/maldives.com.ar\/minorista\/wp-json\/wp\/v2\/product\/937","targetHints":{"allow":["GET"]}}],"collection":[{"href":"https:\/\/maldives.com.ar\/minorista\/wp-json\/wp\/v2\/product"}],"about":[{"href":"https:\/\/maldives.com.ar\/minorista\/wp-json\/wp\/v2\/types\/product"}],"replies":[{"embeddable":true,"href":"https:\/\/maldives.com.ar\/minorista\/wp-json\/wp\/v2\/comments?post=937"}],"wp:featuredmedia":[{"embeddable":true,"href":"https:\/\/maldives.com.ar\/minorista\/wp-json\/wp\/v2\/media\/938"}],"wp:attachment":[{"href":"https:\/\/maldives.com.ar\/minorista\/wp-json\/wp\/v2\/media?parent=937"}],"wp:term":[{"taxonomy":"product_brand","embeddable":true,"href":"https:\/\/maldives.com.ar\/minorista\/wp-json\/wp\/v2\/product_brand?post=937"},{"taxonomy":"product_cat","embeddable":true,"href":"https:\/\/maldives.com.ar\/minorista\/wp-json\/wp\/v2\/product_cat?post=937"},{"taxonomy":"product_tag","embeddable":true,"href":"https:\/\/maldives.com.ar\/minorista\/wp-json\/wp\/v2\/product_tag?post=937"}],"curies":[{"name":"wp","href":"https:\/\/api.w.org\/{rel}","templated":true}]}}