{"id":961,"date":"2025-06-13T14:07:46","date_gmt":"2025-06-13T17:07:46","guid":{"rendered":"https:\/\/maldives.com.ar\/minorista\/?post_type=product&#038;p=961"},"modified":"2025-11-12T12:12:30","modified_gmt":"2025-11-12T15:12:30","slug":"termo-sensor","status":"publish","type":"product","link":"https:\/\/maldives.com.ar\/minorista\/product\/termo-sensor\/","title":{"rendered":"termo sensor"},"content":{"rendered":"<p>Material: Acero inoxidable Medidas: 22 cm de alto x 6,5 cm de di\u00e1metro.<br \/>\nT\u00e9rmica mantiene fr\u00edo\/calor.<br \/>\nEl precio incluye el estampado. El proceso por el cual se realiza es sublimaci\u00f3n, el estampado no se sale con el tiempo. Se entrega en caja lisa individual.<\/p>\n","protected":false},"excerpt":{"rendered":"<p>Material: Acero inoxidable Medidas: 22 cm de alto x 6,5 cm de di\u00e1metro. T\u00e9rmica mantiene fr\u00edo\/calor. El precio incluye el estampado. El proceso por el cual se realiza es sublimaci\u00f3n, el estampado no se sale con el tiempo. Se entrega en caja lisa individual.<\/p>\n","protected":false},"featured_media":962,"comment_status":"open","ping_status":"closed","template":"","meta":[],"product_brand":[],"product_cat":[27,35],"product_tag":[],"class_list":{"0":"post-961","1":"product","2":"type-product","3":"status-publish","4":"has-post-thumbnail","6":"product_cat-drinkware","7":"product_cat-termos-y-mates","9":"first","10":"instock","11":"shipping-taxable","12":"purchasable","13":"product-type-simple"},"_links":{"self":[{"href":"https:\/\/maldives.com.ar\/minorista\/wp-json\/wp\/v2\/product\/961","targetHints":{"allow":["GET"]}}],"collection":[{"href":"https:\/\/maldives.com.ar\/minorista\/wp-json\/wp\/v2\/product"}],"about":[{"href":"https:\/\/maldives.com.ar\/minorista\/wp-json\/wp\/v2\/types\/product"}],"replies":[{"embeddable":true,"href":"https:\/\/maldives.com.ar\/minorista\/wp-json\/wp\/v2\/comments?post=961"}],"wp:featuredmedia":[{"embeddable":true,"href":"https:\/\/maldives.com.ar\/minorista\/wp-json\/wp\/v2\/media\/962"}],"wp:attachment":[{"href":"https:\/\/maldives.com.ar\/minorista\/wp-json\/wp\/v2\/media?parent=961"}],"wp:term":[{"taxonomy":"product_brand","embeddable":true,"href":"https:\/\/maldives.com.ar\/minorista\/wp-json\/wp\/v2\/product_brand?post=961"},{"taxonomy":"product_cat","embeddable":true,"href":"https:\/\/maldives.com.ar\/minorista\/wp-json\/wp\/v2\/product_cat?post=961"},{"taxonomy":"product_tag","embeddable":true,"href":"https:\/\/maldives.com.ar\/minorista\/wp-json\/wp\/v2\/product_tag?post=961"}],"curies":[{"name":"wp","href":"https:\/\/api.w.org\/{rel}","templated":true}]}}